{"id":1803,"date":"2022-02-07T14:00:26","date_gmt":"2022-02-07T19:00:26","guid":{"rendered":"https:\/\/idzen.ca\/blogue\/"},"modified":"2025-12-22T07:17:18","modified_gmt":"2025-12-22T12:17:18","slug":"blog","status":"publish","type":"page","link":"https:\/\/idzen.ca\/en\/blog\/","title":{"rendered":"Blog"},"content":{"rendered":"<p>[et_pb_section fb_built=&#8221;1&#8243; fullwidth=&#8221;on&#8221; _builder_version=&#8221;4.16&#8243; _module_preset=&#8221;default&#8221; global_colors_info=&#8221;{}&#8221;][et_pb_fullwidth_slider _builder_version=&#8221;4.27.5&#8243; _module_preset=&#8221;default&#8221; background_color=&#8221;#FFFFFF&#8221; background_image=&#8221;https:\/\/idzen.ca\/wp-content\/uploads\/idzensailshades_voile_toile_ombrage_shade_sail_structure_sun_protection_solaire_55.jpg&#8221; hover_enabled=&#8221;0&#8243; global_colors_info=&#8221;{}&#8221; sticky_enabled=&#8221;0&#8243;][et_pb_slide heading=&#8221;%22Blog%22&#8243; _builder_version=&#8221;4.27.5&#8243; _module_preset=&#8221;default&#8221; header_level=&#8221;h1&#8243; header_font=&#8221;||||||||&#8221; custom_button=&#8221;on&#8221; button_text_size=&#8221;14px&#8221; button_bg_color=&#8221;#F96415&#8243; button_border_color=&#8221;RGBA(0,0,0,0)&#8221; button_border_radius=&#8221;16px&#8221; button_font=&#8221;|600|||||||&#8221; hover_enabled=&#8221;0&#8243; header_text_shadow_style=&#8221;preset2&#8243; header_text_shadow_color=&#8221;rgba(0,0,0,0.7)&#8221; button_text_shadow_style=&#8221;preset1&#8243; box_shadow_style_button=&#8221;preset2&#8243; box_shadow_color_button=&#8221;rgba(0,0,0,0.7)&#8221; global_colors_info=&#8221;{}&#8221; sticky_transition=&#8221;on&#8221; sticky_enabled=&#8221;0&#8243;][\/et_pb_slide][\/et_pb_fullwidth_slider][\/et_pb_section][et_pb_section fb_built=&#8221;1&#8243; _builder_version=&#8221;4.16&#8243; custom_padding=&#8221;3px||30px|||&#8221; border_width_bottom=&#8221;1px&#8221; border_color_bottom=&#8221;#C4C6C5&#8243; global_colors_info=&#8221;{}&#8221;][et_pb_row _builder_version=&#8221;4.16&#8243; _module_preset=&#8221;default&#8221; min_height=&#8221;445.6px&#8221; custom_margin=&#8221;20px||||false|false&#8221; global_colors_info=&#8221;{}&#8221;][et_pb_column type=&#8221;4_4&#8243; _builder_version=&#8221;4.16&#8243; _module_preset=&#8221;default&#8221; global_colors_info=&#8221;{}&#8221;][et_pb_blog fullwidth=&#8221;off&#8221; meta_date=&#8221;j M, Y&#8221; excerpt_length=&#8221;250&#8243; show_more=&#8221;on&#8221; show_categories=&#8221;off&#8221; _builder_version=&#8221;4.16&#8243; _module_preset=&#8221;default&#8221; global_colors_info=&#8221;{}&#8221;][\/et_pb_blog][\/et_pb_column][\/et_pb_row][\/et_pb_section][et_pb_section fb_built=&#8221;1&#8243; _builder_version=&#8221;4.8.0&#8243; _module_preset=&#8221;default&#8221; background_color=&#8221;#394a59&#8243; custom_padding=&#8221;30px||2px|||&#8221; global_module=&#8221;1447&#8243; saved_tabs=&#8221;all&#8221; locked=&#8221;off&#8221; global_colors_info=&#8221;{}&#8221;][et_pb_row column_structure=&#8221;3_4,1_4&#8243; _builder_version=&#8221;4.16&#8243; _module_preset=&#8221;default&#8221; border_width_bottom=&#8221;2px&#8221; border_color_bottom=&#8221;#F96415&#8243; global_colors_info=&#8221;{}&#8221;][et_pb_column type=&#8221;3_4&#8243; _builder_version=&#8221;4.16&#8243; _module_preset=&#8221;default&#8221; global_colors_info=&#8221;{}&#8221;][et_pb_text _builder_version=&#8221;4.16&#8243; _module_preset=&#8221;default&#8221; text_text_color=&#8221;#FFFFFF&#8221; global_colors_info=&#8221;{}&#8221;]<\/p>\n<h3>Obtain an instant quote<\/h3>\n<p>You have a project in mind? You can request a price directly with iD Zen.<\/p>\n<p>[\/et_pb_text][\/et_pb_column][et_pb_column type=&#8221;1_4&#8243; _builder_version=&#8221;4.16&#8243; _module_preset=&#8221;default&#8221; global_colors_info=&#8221;{}&#8221;][et_pb_button button_url=&#8221;https:\/\/idzen.ca\/en\/price-request&#8221; button_text=&#8221;CUSTOM QUOTE&#8221; button_alignment=&#8221;right&#8221; _builder_version=&#8221;4.16&#8243; _module_preset=&#8221;default&#8221; custom_button=&#8221;on&#8221; button_text_size=&#8221;14px&#8221; button_text_color=&#8221;#394A59&#8243; button_bg_color=&#8221;#FFFFFF&#8221; button_border_width=&#8221;0px&#8221; button_border_radius=&#8221;16px&#8221; button_icon=&#8221;&#xe08a;||divi||400&#8243; button_icon_color=&#8221;#394A59&#8243; button_text_shadow_style=&#8221;preset1&#8243; box_shadow_style=&#8221;preset2&#8243; box_shadow_horizontal=&#8221;2px&#8221; box_shadow_vertical=&#8221;2px&#8221; box_shadow_blur=&#8221;6px&#8221; global_colors_info=&#8221;{}&#8221;][\/et_pb_button][\/et_pb_column][\/et_pb_row][et_pb_row column_structure=&#8221;1_4,1_4,1_4,1_4&#8243; admin_label=&#8221;Partenaires&#8221; _builder_version=&#8221;4.23.1&#8243; _module_preset=&#8221;default&#8221; background_color=&#8221;#394A59&#8243; border_color_bottom=&#8221;#F96415&#8243; global_colors_info=&#8221;{}&#8221;][et_pb_column type=&#8221;1_4&#8243; _builder_version=&#8221;4.16&#8243; _module_preset=&#8221;default&#8221; global_colors_info=&#8221;{}&#8221;][et_pb_cta title=&#8221;Our professional Installalers&#8221; _builder_version=&#8221;4.23.1&#8243; _module_preset=&#8221;default&#8221; header_text_color=&#8221;#F96415&#8243; background_color=&#8221;#394A59&#8243; custom_padding=&#8221;20px||||false|false&#8221; global_colors_info=&#8221;{}&#8221;][\/et_pb_cta][\/et_pb_column][et_pb_column type=&#8221;1_4&#8243; _builder_version=&#8221;4.16&#8243; _module_preset=&#8221;default&#8221; global_colors_info=&#8221;{}&#8221;][et_pb_image src=&#8221;https:\/\/idzen.ca\/wp-content\/uploads\/voile_ombrage_QC-logo-300&#215;110-1.png&#8221; title_text=&#8221;voile_ombrage_QC-logo-300&#215;110&#8243; url=&#8221;https:\/\/www.voileombragequebec.ca\/&#8221; url_new_window=&#8221;on&#8221; _builder_version=&#8221;4.23.1&#8243; _module_preset=&#8221;default&#8221; global_colors_info=&#8221;{}&#8221;][\/et_pb_image][\/et_pb_column][et_pb_column type=&#8221;1_4&#8243; _builder_version=&#8221;4.16&#8243; _module_preset=&#8221;default&#8221; global_colors_info=&#8221;{}&#8221;][et_pb_image src=&#8221;https:\/\/idzen.ca\/wp-content\/uploads\/Shade-sails-ontario_Logo-coul-typo-bl.png&#8221; title_text=&#8221;Shade-sails-ontario_Logo-coul-typo-bl&#8221; url=&#8221;https:\/\/shadesailsontario.ca\/&#8221; _builder_version=&#8221;4.23.1&#8243; _module_preset=&#8221;default&#8221; global_colors_info=&#8221;{}&#8221;][\/et_pb_image][\/et_pb_column][et_pb_column type=&#8221;1_4&#8243; _builder_version=&#8221;4.16&#8243; _module_preset=&#8221;default&#8221; global_colors_info=&#8221;{}&#8221;][\/et_pb_column][\/et_pb_row][\/et_pb_section]<\/p>\n","protected":false},"excerpt":{"rendered":"<p>Obtain an instant quote You have a project in mind? You can request a price directly with iD Zen.<\/p>\n","protected":false},"author":1,"featured_media":1755,"parent":0,"menu_order":0,"comment_status":"closed","ping_status":"closed","template":"","meta":{"_et_pb_use_builder":"on","_et_pb_old_content":"","_et_gb_content_width":"","footnotes":""},"class_list":["post-1803","page","type-page","status-publish","has-post-thumbnail","hentry"],"yoast_head":"<!-- This site is optimized with the Yoast SEO plugin v27.4 - https:\/\/yoast.com\/product\/yoast-seo-wordpress\/ -->\n<title>Blog - iD Zen | Une voile d&#039;ombrage pour passer l&#039;\u00e9t\u00e9 au frais | Toile d&#039;ombrage | Terrasse<\/title>\n<meta name=\"robots\" content=\"index, follow, max-snippet:-1, max-image-preview:large, max-video-preview:-1\" \/>\n<link rel=\"canonical\" href=\"https:\/\/idzen.ca\/en\/blog\/\" \/>\n<meta property=\"og:locale\" content=\"en_US\" \/>\n<meta property=\"og:type\" content=\"article\" \/>\n<meta property=\"og:title\" content=\"Blog - iD Zen | Une voile d&#039;ombrage pour passer l&#039;\u00e9t\u00e9 au frais | Toile d&#039;ombrage | Terrasse\" \/>\n<meta property=\"og:description\" content=\"Obtain an instant quote You have a project in mind? You can request a price directly with iD Zen.\" \/>\n<meta property=\"og:url\" content=\"https:\/\/idzen.ca\/en\/blog\/\" \/>\n<meta property=\"og:site_name\" content=\"iD Zen | Une voile d&#039;ombrage pour passer l&#039;\u00e9t\u00e9 au frais | Toile d&#039;ombrage | Terrasse\" \/>\n<meta property=\"article:publisher\" content=\"https:\/\/www.facebook.com\/IdzenImport\" \/>\n<meta property=\"article:modified_time\" content=\"2025-12-22T12:17:18+00:00\" \/>\n<meta property=\"og:image\" content=\"https:\/\/idzen.ca\/wp-content\/uploads\/idzensailshades_voile_toile_ombrage_shade_sail_structure_sun_protection_solaire_55.jpg\" \/>\n\t<meta property=\"og:image:width\" content=\"1200\" \/>\n\t<meta property=\"og:image:height\" content=\"800\" \/>\n\t<meta property=\"og:image:type\" content=\"image\/jpeg\" \/>\n<meta name=\"twitter:label1\" content=\"Est. reading time\" \/>\n\t<meta name=\"twitter:data1\" content=\"3 minutes\" \/>\n<script type=\"application\/ld+json\" class=\"yoast-schema-graph\">{\"@context\":\"https:\\\/\\\/schema.org\",\"@graph\":[{\"@type\":\"WebPage\",\"@id\":\"https:\\\/\\\/idzen.ca\\\/en\\\/blog\\\/\",\"url\":\"https:\\\/\\\/idzen.ca\\\/en\\\/blog\\\/\",\"name\":\"Blog - iD Zen | Une voile d&#039;ombrage pour passer l&#039;\u00e9t\u00e9 au frais | Toile d&#039;ombrage | Terrasse\",\"isPartOf\":{\"@id\":\"https:\\\/\\\/idzen.ca\\\/en\\\/#website\"},\"primaryImageOfPage\":{\"@id\":\"https:\\\/\\\/idzen.ca\\\/en\\\/blog\\\/#primaryimage\"},\"image\":{\"@id\":\"https:\\\/\\\/idzen.ca\\\/en\\\/blog\\\/#primaryimage\"},\"thumbnailUrl\":\"https:\\\/\\\/idzen.ca\\\/wp-content\\\/uploads\\\/idzensailshades_voile_toile_ombrage_shade_sail_structure_sun_protection_solaire_55.jpg\",\"datePublished\":\"2022-02-07T19:00:26+00:00\",\"dateModified\":\"2025-12-22T12:17:18+00:00\",\"breadcrumb\":{\"@id\":\"https:\\\/\\\/idzen.ca\\\/en\\\/blog\\\/#breadcrumb\"},\"inLanguage\":\"en-US\",\"potentialAction\":[{\"@type\":\"ReadAction\",\"target\":[\"https:\\\/\\\/idzen.ca\\\/en\\\/blog\\\/\"]}]},{\"@type\":\"ImageObject\",\"inLanguage\":\"en-US\",\"@id\":\"https:\\\/\\\/idzen.ca\\\/en\\\/blog\\\/#primaryimage\",\"url\":\"https:\\\/\\\/idzen.ca\\\/wp-content\\\/uploads\\\/idzensailshades_voile_toile_ombrage_shade_sail_structure_sun_protection_solaire_55.jpg\",\"contentUrl\":\"https:\\\/\\\/idzen.ca\\\/wp-content\\\/uploads\\\/idzensailshades_voile_toile_ombrage_shade_sail_structure_sun_protection_solaire_55.jpg\",\"width\":1200,\"height\":800},{\"@type\":\"BreadcrumbList\",\"@id\":\"https:\\\/\\\/idzen.ca\\\/en\\\/blog\\\/#breadcrumb\",\"itemListElement\":[{\"@type\":\"ListItem\",\"position\":1,\"name\":\"Home\",\"item\":\"https:\\\/\\\/idzen.ca\\\/en\\\/\"},{\"@type\":\"ListItem\",\"position\":2,\"name\":\"Blog\"}]},{\"@type\":\"WebSite\",\"@id\":\"https:\\\/\\\/idzen.ca\\\/en\\\/#website\",\"url\":\"https:\\\/\\\/idzen.ca\\\/en\\\/\",\"name\":\"iD Zen | Une voile d&#039;ombrage pour passer l&#039;\u00e9t\u00e9 au frais | Toile d&#039;ombrage | Terrasse\",\"description\":\"iD Zen vous offre des voiles d\u2019ombrage qui se veulent une alternative aux parasols, auvents et gaz\u00e9bos. D\u2019une grande \u00e9l\u00e9gance visuelle, ces voiles r\u00e9inventent la maison et le jardin tout en cr\u00e9ant de l\u2019ombre. La meilleure solution de voile d&#039;ombrage au Canada. Voile | Toile | Ombrage | Terrasse\",\"publisher\":{\"@id\":\"https:\\\/\\\/idzen.ca\\\/en\\\/#organization\"},\"potentialAction\":[{\"@type\":\"SearchAction\",\"target\":{\"@type\":\"EntryPoint\",\"urlTemplate\":\"https:\\\/\\\/idzen.ca\\\/en\\\/?s={search_term_string}\"},\"query-input\":{\"@type\":\"PropertyValueSpecification\",\"valueRequired\":true,\"valueName\":\"search_term_string\"}}],\"inLanguage\":\"en-US\"},{\"@type\":\"Organization\",\"@id\":\"https:\\\/\\\/idzen.ca\\\/en\\\/#organization\",\"name\":\"iD Zen | Voile d'ombrage | Sail Shade\",\"url\":\"https:\\\/\\\/idzen.ca\\\/en\\\/\",\"logo\":{\"@type\":\"ImageObject\",\"inLanguage\":\"en-US\",\"@id\":\"https:\\\/\\\/idzen.ca\\\/en\\\/#\\\/schema\\\/logo\\\/image\\\/\",\"url\":\"https:\\\/\\\/idzen.ca\\\/wp-content\\\/uploads\\\/id-zen-voile-ombrage_logo-new-orange_400px.png\",\"contentUrl\":\"https:\\\/\\\/idzen.ca\\\/wp-content\\\/uploads\\\/id-zen-voile-ombrage_logo-new-orange_400px.png\",\"width\":390,\"height\":100,\"caption\":\"iD Zen | Voile d'ombrage | Sail Shade\"},\"image\":{\"@id\":\"https:\\\/\\\/idzen.ca\\\/en\\\/#\\\/schema\\\/logo\\\/image\\\/\"},\"sameAs\":[\"https:\\\/\\\/www.facebook.com\\\/IdzenImport\",\"https:\\\/\\\/www.instagram.com\\\/idzensailshades\\\/\",\"https:\\\/\\\/www.pinterest.ca\\\/idzensailshades\\\/\",\"https:\\\/\\\/www.youtube.com\\\/channel\\\/UCFXqb5JER39RyDIqk7X1G-A\\\/videos\"]}]}<\/script>\n<!-- \/ Yoast SEO plugin. -->","yoast_head_json":{"title":"Blog - iD Zen | Une voile d&#039;ombrage pour passer l&#039;\u00e9t\u00e9 au frais | Toile d&#039;ombrage | Terrasse","robots":{"index":"index","follow":"follow","max-snippet":"max-snippet:-1","max-image-preview":"max-image-preview:large","max-video-preview":"max-video-preview:-1"},"canonical":"https:\/\/idzen.ca\/en\/blog\/","og_locale":"en_US","og_type":"article","og_title":"Blog - iD Zen | Une voile d&#039;ombrage pour passer l&#039;\u00e9t\u00e9 au frais | Toile d&#039;ombrage | Terrasse","og_description":"Obtain an instant quote You have a project in mind? You can request a price directly with iD Zen.","og_url":"https:\/\/idzen.ca\/en\/blog\/","og_site_name":"iD Zen | Une voile d&#039;ombrage pour passer l&#039;\u00e9t\u00e9 au frais | Toile d&#039;ombrage | Terrasse","article_publisher":"https:\/\/www.facebook.com\/IdzenImport","article_modified_time":"2025-12-22T12:17:18+00:00","og_image":[{"width":1200,"height":800,"url":"https:\/\/idzen.ca\/wp-content\/uploads\/idzensailshades_voile_toile_ombrage_shade_sail_structure_sun_protection_solaire_55.jpg","type":"image\/jpeg"}],"twitter_misc":{"Est. reading time":"3 minutes"},"schema":{"@context":"https:\/\/schema.org","@graph":[{"@type":"WebPage","@id":"https:\/\/idzen.ca\/en\/blog\/","url":"https:\/\/idzen.ca\/en\/blog\/","name":"Blog - iD Zen | Une voile d&#039;ombrage pour passer l&#039;\u00e9t\u00e9 au frais | Toile d&#039;ombrage | Terrasse","isPartOf":{"@id":"https:\/\/idzen.ca\/en\/#website"},"primaryImageOfPage":{"@id":"https:\/\/idzen.ca\/en\/blog\/#primaryimage"},"image":{"@id":"https:\/\/idzen.ca\/en\/blog\/#primaryimage"},"thumbnailUrl":"https:\/\/idzen.ca\/wp-content\/uploads\/idzensailshades_voile_toile_ombrage_shade_sail_structure_sun_protection_solaire_55.jpg","datePublished":"2022-02-07T19:00:26+00:00","dateModified":"2025-12-22T12:17:18+00:00","breadcrumb":{"@id":"https:\/\/idzen.ca\/en\/blog\/#breadcrumb"},"inLanguage":"en-US","potentialAction":[{"@type":"ReadAction","target":["https:\/\/idzen.ca\/en\/blog\/"]}]},{"@type":"ImageObject","inLanguage":"en-US","@id":"https:\/\/idzen.ca\/en\/blog\/#primaryimage","url":"https:\/\/idzen.ca\/wp-content\/uploads\/idzensailshades_voile_toile_ombrage_shade_sail_structure_sun_protection_solaire_55.jpg","contentUrl":"https:\/\/idzen.ca\/wp-content\/uploads\/idzensailshades_voile_toile_ombrage_shade_sail_structure_sun_protection_solaire_55.jpg","width":1200,"height":800},{"@type":"BreadcrumbList","@id":"https:\/\/idzen.ca\/en\/blog\/#breadcrumb","itemListElement":[{"@type":"ListItem","position":1,"name":"Home","item":"https:\/\/idzen.ca\/en\/"},{"@type":"ListItem","position":2,"name":"Blog"}]},{"@type":"WebSite","@id":"https:\/\/idzen.ca\/en\/#website","url":"https:\/\/idzen.ca\/en\/","name":"iD Zen | Une voile d&#039;ombrage pour passer l&#039;\u00e9t\u00e9 au frais | Toile d&#039;ombrage | Terrasse","description":"iD Zen vous offre des voiles d\u2019ombrage qui se veulent une alternative aux parasols, auvents et gaz\u00e9bos. D\u2019une grande \u00e9l\u00e9gance visuelle, ces voiles r\u00e9inventent la maison et le jardin tout en cr\u00e9ant de l\u2019ombre. La meilleure solution de voile d&#039;ombrage au Canada. Voile | Toile | Ombrage | Terrasse","publisher":{"@id":"https:\/\/idzen.ca\/en\/#organization"},"potentialAction":[{"@type":"SearchAction","target":{"@type":"EntryPoint","urlTemplate":"https:\/\/idzen.ca\/en\/?s={search_term_string}"},"query-input":{"@type":"PropertyValueSpecification","valueRequired":true,"valueName":"search_term_string"}}],"inLanguage":"en-US"},{"@type":"Organization","@id":"https:\/\/idzen.ca\/en\/#organization","name":"iD Zen | Voile d'ombrage | Sail Shade","url":"https:\/\/idzen.ca\/en\/","logo":{"@type":"ImageObject","inLanguage":"en-US","@id":"https:\/\/idzen.ca\/en\/#\/schema\/logo\/image\/","url":"https:\/\/idzen.ca\/wp-content\/uploads\/id-zen-voile-ombrage_logo-new-orange_400px.png","contentUrl":"https:\/\/idzen.ca\/wp-content\/uploads\/id-zen-voile-ombrage_logo-new-orange_400px.png","width":390,"height":100,"caption":"iD Zen | Voile d'ombrage | Sail Shade"},"image":{"@id":"https:\/\/idzen.ca\/en\/#\/schema\/logo\/image\/"},"sameAs":["https:\/\/www.facebook.com\/IdzenImport","https:\/\/www.instagram.com\/idzensailshades\/","https:\/\/www.pinterest.ca\/idzensailshades\/","https:\/\/www.youtube.com\/channel\/UCFXqb5JER39RyDIqk7X1G-A\/videos"]}]}},"_links":{"self":[{"href":"https:\/\/idzen.ca\/en\/wp-json\/wp\/v2\/pages\/1803","targetHints":{"allow":["GET"]}}],"collection":[{"href":"https:\/\/idzen.ca\/en\/wp-json\/wp\/v2\/pages"}],"about":[{"href":"https:\/\/idzen.ca\/en\/wp-json\/wp\/v2\/types\/page"}],"author":[{"embeddable":true,"href":"https:\/\/idzen.ca\/en\/wp-json\/wp\/v2\/users\/1"}],"replies":[{"embeddable":true,"href":"https:\/\/idzen.ca\/en\/wp-json\/wp\/v2\/comments?post=1803"}],"version-history":[{"count":2,"href":"https:\/\/idzen.ca\/en\/wp-json\/wp\/v2\/pages\/1803\/revisions"}],"predecessor-version":[{"id":2792,"href":"https:\/\/idzen.ca\/en\/wp-json\/wp\/v2\/pages\/1803\/revisions\/2792"}],"wp:featuredmedia":[{"embeddable":true,"href":"https:\/\/idzen.ca\/en\/wp-json\/wp\/v2\/media\/1755"}],"wp:attachment":[{"href":"https:\/\/idzen.ca\/en\/wp-json\/wp\/v2\/media?parent=1803"}],"curies":[{"name":"wp","href":"https:\/\/api.w.org\/{rel}","templated":true}]}}