{"id":639,"date":"2021-01-28T13:43:51","date_gmt":"2021-01-28T18:43:51","guid":{"rendered":"https:\/\/new.idzen.ca\/nouveautes-inspiration\/"},"modified":"2025-12-22T07:14:17","modified_gmt":"2025-12-22T12:14:17","slug":"exclusive-products","status":"publish","type":"page","link":"https:\/\/idzen.ca\/en\/exclusive-products\/","title":{"rendered":"Exclusive Products"},"content":{"rendered":"<p>[et_pb_section fb_built=&#8221;1&#8243; fullwidth=&#8221;on&#8221; _builder_version=&#8221;4.16&#8243; _module_preset=&#8221;default&#8221; global_colors_info=&#8221;{}&#8221;][et_pb_fullwidth_slider _builder_version=&#8221;4.27.4&#8243; _module_preset=&#8221;default&#8221; background_color=&#8221;#FFFFFF&#8221; background_image=&#8221;https:\/\/idzen.ca\/wp-content\/uploads\/id-zen-voile-ombrage-new.jpg&#8221; global_colors_info=&#8221;{}&#8221;][et_pb_slide heading=&#8221;%22Discover the future of Shade%22&#8243; _builder_version=&#8221;4.27.4&#8243; _module_preset=&#8221;default&#8221; header_level=&#8221;h1&#8243; header_font=&#8221;||||||||&#8221; custom_button=&#8221;on&#8221; button_text_size=&#8221;14px&#8221; button_bg_color=&#8221;#F96415&#8243; button_border_color=&#8221;RGBA(0,0,0,0)&#8221; button_border_radius=&#8221;16px&#8221; button_font=&#8221;|600|||||||&#8221; header_text_shadow_style=&#8221;preset2&#8243; header_text_shadow_color=&#8221;rgba(0,0,0,0.6)&#8221; button_text_shadow_style=&#8221;preset1&#8243; box_shadow_style_button=&#8221;preset2&#8243; box_shadow_color_button=&#8221;rgba(0,0,0,0.7)&#8221; global_colors_info=&#8221;{}&#8221; sticky_transition=&#8221;on&#8221;][\/et_pb_slide][\/et_pb_fullwidth_slider][\/et_pb_section][et_pb_section fb_built=&#8221;1&#8243; _builder_version=&#8221;4.16&#8243; custom_padding=&#8221;3px|||||&#8221; border_width_bottom=&#8221;1px&#8221; border_color_bottom=&#8221;#C4C6C5&#8243; global_colors_info=&#8221;{}&#8221;][et_pb_row column_structure=&#8221;1_2,1_2&#8243; _builder_version=&#8221;4.16&#8243; _module_preset=&#8221;default&#8221; global_colors_info=&#8221;{}&#8221;][et_pb_column type=&#8221;1_2&#8243; _builder_version=&#8221;4.16&#8243; _module_preset=&#8221;default&#8221; global_colors_info=&#8221;{}&#8221;][et_pb_text _builder_version=&#8221;4.27.4&#8243; _module_preset=&#8221;default&#8221; global_colors_info=&#8221;{}&#8221;]<\/p>\n<h1>CANOPI WAVE SHADE<\/h1>\n<p><span>The Canopi Wave Shade is a fully customisable, easily retractable shade which can be attached to pergolas, homes, walls and poles. <\/span><\/p>\n<ul>\n<li><span>The price varies depending on the seze and the number of units.<\/span><\/li>\n<li><span>Installation by a professional team not included. Contact us for a quote.<\/span><\/li>\n<\/ul>\n<p>&nbsp;<\/p>\n<h5>Download Canopi Wave Shade Brochure<\/h5>\n<p>[\/et_pb_text][et_pb_button button_url=&#8221;https:\/\/idzen.ca\/wp-content\/uploads\/Wave-Shade-Brochure-2021.pdf&#8221; url_new_window=&#8221;on&#8221; button_text=&#8221;DOWNLOAD&#8221; button_alignment=&#8221;left&#8221; _builder_version=&#8221;4.16&#8243; _module_preset=&#8221;default&#8221; custom_button=&#8221;on&#8221; button_text_size=&#8221;14px&#8221; button_bg_color=&#8221;#F96415&#8243; button_border_width=&#8221;0px&#8221; button_border_radius=&#8221;16px&#8221; button_icon=&#8221;&#xe05f;||divi||400&#8243; button_icon_color=&#8221;#FFFFFF&#8221; button_on_hover=&#8221;off&#8221; background_layout=&#8221;dark&#8221; custom_margin=&#8221;-20px||||false|false&#8221; button_text_shadow_style=&#8221;preset1&#8243; box_shadow_style=&#8221;preset2&#8243; box_shadow_horizontal=&#8221;2px&#8221; box_shadow_vertical=&#8221;2px&#8221; box_shadow_blur=&#8221;6px&#8221; box_shadow_color=&#8221;rgba(0,0,0,0.25)&#8221; global_colors_info=&#8221;{}&#8221;][\/et_pb_button][\/et_pb_column][et_pb_column type=&#8221;1_2&#8243; _builder_version=&#8221;4.16&#8243; _module_preset=&#8221;default&#8221; global_colors_info=&#8221;{}&#8221;][et_pb_image src=&#8221;https:\/\/idzen.ca\/wp-content\/uploads\/id-zen-voile-ombrage_canopi-wave-shade_03.jpg&#8221; title_text=&#8221;id-zen-voile-ombrage_canopi-wave-shade_03&#8243; show_in_lightbox=&#8221;on&#8221; _builder_version=&#8221;4.23.1&#8243; _module_preset=&#8221;default&#8221; global_colors_info=&#8221;{}&#8221;][\/et_pb_image][et_pb_image src=&#8221;https:\/\/idzen.ca\/wp-content\/uploads\/id-zen-voile-ombrage-wave-shade.jpg&#8221; title_text=&#8221;id-zen-voile-ombrage-wave-shade&#8221; show_in_lightbox=&#8221;on&#8221; _builder_version=&#8221;4.23.1&#8243; _module_preset=&#8221;default&#8221; global_colors_info=&#8221;{}&#8221;][\/et_pb_image][\/et_pb_column][\/et_pb_row][et_pb_row column_structure=&#8221;1_2,1_2&#8243; _builder_version=&#8221;4.23.1&#8243; _module_preset=&#8221;default&#8221; global_colors_info=&#8221;{}&#8221;][et_pb_column type=&#8221;1_2&#8243; _builder_version=&#8221;4.23.1&#8243; _module_preset=&#8221;default&#8221; global_colors_info=&#8221;{}&#8221;][et_pb_image src=&#8221;https:\/\/idzen.ca\/wp-content\/uploads\/id-zen-voile-ombrage_canopi-wave-shade_02.jpg&#8221; title_text=&#8221;id-zen-voile-ombrage_canopi-wave-shade_02&#8243; show_in_lightbox=&#8221;on&#8221; _builder_version=&#8221;4.23.1&#8243; _module_preset=&#8221;default&#8221; global_colors_info=&#8221;{}&#8221;][\/et_pb_image][\/et_pb_column][et_pb_column type=&#8221;1_2&#8243; _builder_version=&#8221;4.23.1&#8243; _module_preset=&#8221;default&#8221; global_colors_info=&#8221;{}&#8221;][et_pb_image src=&#8221;https:\/\/idzen.ca\/wp-content\/uploads\/id-zen-voile-ombrage_canopi-wave-shade_04.jpg&#8221; title_text=&#8221;id-zen-voile-ombrage_canopi-wave-shade_04&#8243; show_in_lightbox=&#8221;on&#8221; _builder_version=&#8221;4.23.1&#8243; _module_preset=&#8221;default&#8221; global_colors_info=&#8221;{}&#8221;][\/et_pb_image][\/et_pb_column][\/et_pb_row][et_pb_row column_structure=&#8221;1_2,1_2&#8243; _builder_version=&#8221;4.16&#8243; _module_preset=&#8221;default&#8221; global_colors_info=&#8221;{}&#8221;][et_pb_column type=&#8221;1_2&#8243; _builder_version=&#8221;4.16&#8243; _module_preset=&#8221;default&#8221; global_colors_info=&#8221;{}&#8221;][et_pb_image src=&#8221;https:\/\/idzen.ca\/wp-content\/uploads\/id-zen-voile-ombrage_canopi-wave-shade_01.jpg&#8221; title_text=&#8221;id-zen-voile-ombrage_canopi-wave-shade_01&#8243; show_in_lightbox=&#8221;on&#8221; _builder_version=&#8221;4.23.1&#8243; _module_preset=&#8221;default&#8221; global_colors_info=&#8221;{}&#8221;][\/et_pb_image][\/et_pb_column][et_pb_column type=&#8221;1_2&#8243; _builder_version=&#8221;4.16&#8243; _module_preset=&#8221;default&#8221; global_colors_info=&#8221;{}&#8221;][\/et_pb_column][\/et_pb_row][\/et_pb_section][et_pb_section fb_built=&#8221;1&#8243; _builder_version=&#8221;4.27.5&#8243; _module_preset=&#8221;default&#8221; background_image=&#8221;https:\/\/idzen.ca\/wp-content\/uploads\/backlink-background.jpg&#8221; hover_enabled=&#8221;0&#8243; saved_tabs=&#8221;all&#8221; global_colors_info=&#8221;{}&#8221; background_color=&#8221;#F96415&#8243; sticky_enabled=&#8221;0&#8243;][et_pb_row column_structure=&#8221;1_2,1_2&#8243; _builder_version=&#8221;4.16&#8243; _module_preset=&#8221;default&#8221; global_colors_info=&#8221;{}&#8221;][et_pb_column type=&#8221;1_2&#8243; _builder_version=&#8221;4.16&#8243; _module_preset=&#8221;default&#8221; global_colors_info=&#8221;{}&#8221;][et_pb_cta title=&#8221;Cool for long, up to 15 years warranty.&#8221; button_url=&#8221;https:\/\/idzen.ca\/en\/contact-us&#8221; button_text=&#8221;CONTACT US FOR MORE DETAILS&#8221; _builder_version=&#8221;4.23.1&#8243; _module_preset=&#8221;default&#8221; background_color=&#8221;rgba(255,255,255,0.9)&#8221; custom_button=&#8221;on&#8221; button_text_size=&#8221;14px&#8221; button_text_color=&#8221;#FFFFFF&#8221; button_bg_color=&#8221;#F96415&#8243; button_border_width=&#8221;0px&#8221; button_border_radius=&#8221;16px&#8221; button_font=&#8221;|||on|||||&#8221; background_layout=&#8221;light&#8221; button_text_shadow_style=&#8221;preset1&#8243; box_shadow_style_button=&#8221;preset2&#8243; box_shadow_horizontal_button=&#8221;2px&#8221; box_shadow_vertical_button=&#8221;2px&#8221; box_shadow_blur_button=&#8221;6px&#8221; box_shadow_color_button=&#8221;rgba(0,0,0,0.25)&#8221; global_colors_info=&#8221;{}&#8221;]<\/p>\n<p style=\"text-align: center;\">The shade sails are guaranteed for up to 15 years by the manufacturer against deterioration caused by UV rays.<\/p>\n<p>[\/et_pb_cta][\/et_pb_column][et_pb_column type=&#8221;1_2&#8243; _builder_version=&#8221;4.16&#8243; _module_preset=&#8221;default&#8221; global_colors_info=&#8221;{}&#8221;][\/et_pb_column][\/et_pb_row][\/et_pb_section][et_pb_section fb_built=&#8221;1&#8243; _builder_version=&#8221;4.8.0&#8243; _module_preset=&#8221;default&#8221; background_color=&#8221;#394a59&#8243; custom_padding=&#8221;30px||2px|||&#8221; global_module=&#8221;1447&#8243; saved_tabs=&#8221;all&#8221; locked=&#8221;off&#8221; global_colors_info=&#8221;{}&#8221;][et_pb_row column_structure=&#8221;3_4,1_4&#8243; _builder_version=&#8221;4.16&#8243; _module_preset=&#8221;default&#8221; border_width_bottom=&#8221;2px&#8221; border_color_bottom=&#8221;#F96415&#8243; global_colors_info=&#8221;{}&#8221;][et_pb_column type=&#8221;3_4&#8243; _builder_version=&#8221;4.16&#8243; _module_preset=&#8221;default&#8221; global_colors_info=&#8221;{}&#8221;][et_pb_text _builder_version=&#8221;4.16&#8243; _module_preset=&#8221;default&#8221; text_text_color=&#8221;#FFFFFF&#8221; global_colors_info=&#8221;{}&#8221;]<\/p>\n<h3>Obtain an instant quote<\/h3>\n<p>You have a project in mind? You can request a price directly with iD Zen.<\/p>\n<p>[\/et_pb_text][\/et_pb_column][et_pb_column type=&#8221;1_4&#8243; _builder_version=&#8221;4.16&#8243; _module_preset=&#8221;default&#8221; global_colors_info=&#8221;{}&#8221;][et_pb_button button_url=&#8221;https:\/\/idzen.ca\/en\/price-request&#8221; button_text=&#8221;CUSTOM QUOTE&#8221; button_alignment=&#8221;right&#8221; _builder_version=&#8221;4.16&#8243; _module_preset=&#8221;default&#8221; custom_button=&#8221;on&#8221; button_text_size=&#8221;14px&#8221; button_text_color=&#8221;#394A59&#8243; button_bg_color=&#8221;#FFFFFF&#8221; button_border_width=&#8221;0px&#8221; button_border_radius=&#8221;16px&#8221; button_icon=&#8221;&#xe08a;||divi||400&#8243; button_icon_color=&#8221;#394A59&#8243; button_text_shadow_style=&#8221;preset1&#8243; box_shadow_style=&#8221;preset2&#8243; box_shadow_horizontal=&#8221;2px&#8221; box_shadow_vertical=&#8221;2px&#8221; box_shadow_blur=&#8221;6px&#8221; global_colors_info=&#8221;{}&#8221;][\/et_pb_button][\/et_pb_column][\/et_pb_row][et_pb_row column_structure=&#8221;1_4,1_4,1_4,1_4&#8243; admin_label=&#8221;Partenaires&#8221; _builder_version=&#8221;4.23.1&#8243; _module_preset=&#8221;default&#8221; background_color=&#8221;#394A59&#8243; border_color_bottom=&#8221;#F96415&#8243; global_colors_info=&#8221;{}&#8221;][et_pb_column type=&#8221;1_4&#8243; _builder_version=&#8221;4.16&#8243; _module_preset=&#8221;default&#8221; global_colors_info=&#8221;{}&#8221;][et_pb_cta title=&#8221;Our professional Installalers&#8221; _builder_version=&#8221;4.23.1&#8243; _module_preset=&#8221;default&#8221; header_text_color=&#8221;#F96415&#8243; background_color=&#8221;#394A59&#8243; custom_padding=&#8221;20px||||false|false&#8221; global_colors_info=&#8221;{}&#8221;][\/et_pb_cta][\/et_pb_column][et_pb_column type=&#8221;1_4&#8243; _builder_version=&#8221;4.16&#8243; _module_preset=&#8221;default&#8221; global_colors_info=&#8221;{}&#8221;][et_pb_image src=&#8221;https:\/\/idzen.ca\/wp-content\/uploads\/voile_ombrage_QC-logo-300&#215;110-1.png&#8221; title_text=&#8221;voile_ombrage_QC-logo-300&#215;110&#8243; url=&#8221;https:\/\/www.voileombragequebec.ca\/&#8221; url_new_window=&#8221;on&#8221; _builder_version=&#8221;4.23.1&#8243; _module_preset=&#8221;default&#8221; global_colors_info=&#8221;{}&#8221;][\/et_pb_image][\/et_pb_column][et_pb_column type=&#8221;1_4&#8243; _builder_version=&#8221;4.16&#8243; _module_preset=&#8221;default&#8221; global_colors_info=&#8221;{}&#8221;][et_pb_image src=&#8221;https:\/\/idzen.ca\/wp-content\/uploads\/Shade-sails-ontario_Logo-coul-typo-bl.png&#8221; title_text=&#8221;Shade-sails-ontario_Logo-coul-typo-bl&#8221; url=&#8221;https:\/\/shadesailsontario.ca\/&#8221; _builder_version=&#8221;4.23.1&#8243; _module_preset=&#8221;default&#8221; global_colors_info=&#8221;{}&#8221;][\/et_pb_image][\/et_pb_column][et_pb_column type=&#8221;1_4&#8243; _builder_version=&#8221;4.16&#8243; _module_preset=&#8221;default&#8221; global_colors_info=&#8221;{}&#8221;][\/et_pb_column][\/et_pb_row][\/et_pb_section]<\/p>\n","protected":false},"excerpt":{"rendered":"<p>CANOPI WAVE SHADE The Canopi Wave Shade is a fully customisable, easily retractable shade which can be attached to pergolas, homes, walls and poles. The price varies depending on the seze and the number of units. Installation by a professional team not included. Contact us for a quote. &nbsp; Download Canopi Wave Shade BrochureThe shade [&hellip;]<\/p>\n","protected":false},"author":1,"featured_media":0,"parent":0,"menu_order":0,"comment_status":"closed","ping_status":"closed","template":"","meta":{"_et_pb_use_builder":"on","_et_pb_old_content":"","_et_gb_content_width":"","footnotes":""},"class_list":["post-639","page","type-page","status-publish","hentry"],"yoast_head":"<!-- This site is optimized with the Yoast SEO plugin v27.4 - https:\/\/yoast.com\/product\/yoast-seo-wordpress\/ -->\n<title>Exclusive Products - iD Zen | Une voile d&#039;ombrage pour passer l&#039;\u00e9t\u00e9 au frais | Toile d&#039;ombrage | Terrasse<\/title>\n<meta name=\"robots\" content=\"index, follow, max-snippet:-1, max-image-preview:large, max-video-preview:-1\" \/>\n<link rel=\"canonical\" href=\"https:\/\/idzen.ca\/en\/exclusive-products\/\" \/>\n<meta property=\"og:locale\" content=\"en_US\" \/>\n<meta property=\"og:type\" content=\"article\" \/>\n<meta property=\"og:title\" content=\"Exclusive Products - iD Zen | Une voile d&#039;ombrage pour passer l&#039;\u00e9t\u00e9 au frais | Toile d&#039;ombrage | Terrasse\" \/>\n<meta property=\"og:description\" content=\"CANOPI WAVE SHADE The Canopi Wave Shade is a fully customisable, easily retractable shade which can be attached to pergolas, homes, walls and poles. The price varies depending on the seze and the number of units. Installation by a professional team not included. Contact us for a quote. &nbsp; Download Canopi Wave Shade BrochureThe shade [&hellip;]\" \/>\n<meta property=\"og:url\" content=\"https:\/\/idzen.ca\/en\/exclusive-products\/\" \/>\n<meta property=\"og:site_name\" content=\"iD Zen | Une voile d&#039;ombrage pour passer l&#039;\u00e9t\u00e9 au frais | Toile d&#039;ombrage | Terrasse\" \/>\n<meta property=\"article:publisher\" content=\"https:\/\/www.facebook.com\/IdzenImport\" \/>\n<meta property=\"article:modified_time\" content=\"2025-12-22T12:14:17+00:00\" \/>\n<meta property=\"og:image\" content=\"https:\/\/idzen.ca\/wp-content\/uploads\/idzensailshades_shade_sails_shade_structures_sun_protection_backyard_19.jpg\" \/>\n\t<meta property=\"og:image:width\" content=\"1200\" \/>\n\t<meta property=\"og:image:height\" content=\"873\" \/>\n\t<meta property=\"og:image:type\" content=\"image\/jpeg\" \/>\n<meta name=\"twitter:label1\" content=\"Est. reading time\" \/>\n\t<meta name=\"twitter:data1\" content=\"6 minutes\" \/>\n<script type=\"application\/ld+json\" class=\"yoast-schema-graph\">{\"@context\":\"https:\\\/\\\/schema.org\",\"@graph\":[{\"@type\":\"WebPage\",\"@id\":\"https:\\\/\\\/idzen.ca\\\/en\\\/exclusive-products\\\/\",\"url\":\"https:\\\/\\\/idzen.ca\\\/en\\\/exclusive-products\\\/\",\"name\":\"Exclusive Products - iD Zen | Une voile d&#039;ombrage pour passer l&#039;\u00e9t\u00e9 au frais | Toile d&#039;ombrage | Terrasse\",\"isPartOf\":{\"@id\":\"https:\\\/\\\/idzen.ca\\\/en\\\/#website\"},\"datePublished\":\"2021-01-28T18:43:51+00:00\",\"dateModified\":\"2025-12-22T12:14:17+00:00\",\"breadcrumb\":{\"@id\":\"https:\\\/\\\/idzen.ca\\\/en\\\/exclusive-products\\\/#breadcrumb\"},\"inLanguage\":\"en-US\",\"potentialAction\":[{\"@type\":\"ReadAction\",\"target\":[\"https:\\\/\\\/idzen.ca\\\/en\\\/exclusive-products\\\/\"]}]},{\"@type\":\"BreadcrumbList\",\"@id\":\"https:\\\/\\\/idzen.ca\\\/en\\\/exclusive-products\\\/#breadcrumb\",\"itemListElement\":[{\"@type\":\"ListItem\",\"position\":1,\"name\":\"Home\",\"item\":\"https:\\\/\\\/idzen.ca\\\/en\\\/\"},{\"@type\":\"ListItem\",\"position\":2,\"name\":\"Exclusive Products\"}]},{\"@type\":\"WebSite\",\"@id\":\"https:\\\/\\\/idzen.ca\\\/en\\\/#website\",\"url\":\"https:\\\/\\\/idzen.ca\\\/en\\\/\",\"name\":\"iD Zen | Une voile d&#039;ombrage pour passer l&#039;\u00e9t\u00e9 au frais | Toile d&#039;ombrage | Terrasse\",\"description\":\"iD Zen vous offre des voiles d\u2019ombrage qui se veulent une alternative aux parasols, auvents et gaz\u00e9bos. D\u2019une grande \u00e9l\u00e9gance visuelle, ces voiles r\u00e9inventent la maison et le jardin tout en cr\u00e9ant de l\u2019ombre. La meilleure solution de voile d&#039;ombrage au Canada. Voile | Toile | Ombrage | Terrasse\",\"publisher\":{\"@id\":\"https:\\\/\\\/idzen.ca\\\/en\\\/#organization\"},\"potentialAction\":[{\"@type\":\"SearchAction\",\"target\":{\"@type\":\"EntryPoint\",\"urlTemplate\":\"https:\\\/\\\/idzen.ca\\\/en\\\/?s={search_term_string}\"},\"query-input\":{\"@type\":\"PropertyValueSpecification\",\"valueRequired\":true,\"valueName\":\"search_term_string\"}}],\"inLanguage\":\"en-US\"},{\"@type\":\"Organization\",\"@id\":\"https:\\\/\\\/idzen.ca\\\/en\\\/#organization\",\"name\":\"iD Zen | Voile d'ombrage | Sail Shade\",\"url\":\"https:\\\/\\\/idzen.ca\\\/en\\\/\",\"logo\":{\"@type\":\"ImageObject\",\"inLanguage\":\"en-US\",\"@id\":\"https:\\\/\\\/idzen.ca\\\/en\\\/#\\\/schema\\\/logo\\\/image\\\/\",\"url\":\"https:\\\/\\\/idzen.ca\\\/wp-content\\\/uploads\\\/id-zen-voile-ombrage_logo-new-orange_400px.png\",\"contentUrl\":\"https:\\\/\\\/idzen.ca\\\/wp-content\\\/uploads\\\/id-zen-voile-ombrage_logo-new-orange_400px.png\",\"width\":390,\"height\":100,\"caption\":\"iD Zen | Voile d'ombrage | Sail Shade\"},\"image\":{\"@id\":\"https:\\\/\\\/idzen.ca\\\/en\\\/#\\\/schema\\\/logo\\\/image\\\/\"},\"sameAs\":[\"https:\\\/\\\/www.facebook.com\\\/IdzenImport\",\"https:\\\/\\\/www.instagram.com\\\/idzensailshades\\\/\",\"https:\\\/\\\/www.pinterest.ca\\\/idzensailshades\\\/\",\"https:\\\/\\\/www.youtube.com\\\/channel\\\/UCFXqb5JER39RyDIqk7X1G-A\\\/videos\"]}]}<\/script>\n<!-- \/ Yoast SEO plugin. -->","yoast_head_json":{"title":"Exclusive Products - iD Zen | Une voile d&#039;ombrage pour passer l&#039;\u00e9t\u00e9 au frais | Toile d&#039;ombrage | Terrasse","robots":{"index":"index","follow":"follow","max-snippet":"max-snippet:-1","max-image-preview":"max-image-preview:large","max-video-preview":"max-video-preview:-1"},"canonical":"https:\/\/idzen.ca\/en\/exclusive-products\/","og_locale":"en_US","og_type":"article","og_title":"Exclusive Products - iD Zen | Une voile d&#039;ombrage pour passer l&#039;\u00e9t\u00e9 au frais | Toile d&#039;ombrage | Terrasse","og_description":"CANOPI WAVE SHADE The Canopi Wave Shade is a fully customisable, easily retractable shade which can be attached to pergolas, homes, walls and poles. The price varies depending on the seze and the number of units. Installation by a professional team not included. Contact us for a quote. &nbsp; Download Canopi Wave Shade BrochureThe shade [&hellip;]","og_url":"https:\/\/idzen.ca\/en\/exclusive-products\/","og_site_name":"iD Zen | Une voile d&#039;ombrage pour passer l&#039;\u00e9t\u00e9 au frais | Toile d&#039;ombrage | Terrasse","article_publisher":"https:\/\/www.facebook.com\/IdzenImport","article_modified_time":"2025-12-22T12:14:17+00:00","og_image":[{"width":1200,"height":873,"url":"https:\/\/idzen.ca\/wp-content\/uploads\/idzensailshades_shade_sails_shade_structures_sun_protection_backyard_19.jpg","type":"image\/jpeg"}],"twitter_misc":{"Est. reading time":"6 minutes"},"schema":{"@context":"https:\/\/schema.org","@graph":[{"@type":"WebPage","@id":"https:\/\/idzen.ca\/en\/exclusive-products\/","url":"https:\/\/idzen.ca\/en\/exclusive-products\/","name":"Exclusive Products - iD Zen | Une voile d&#039;ombrage pour passer l&#039;\u00e9t\u00e9 au frais | Toile d&#039;ombrage | Terrasse","isPartOf":{"@id":"https:\/\/idzen.ca\/en\/#website"},"datePublished":"2021-01-28T18:43:51+00:00","dateModified":"2025-12-22T12:14:17+00:00","breadcrumb":{"@id":"https:\/\/idzen.ca\/en\/exclusive-products\/#breadcrumb"},"inLanguage":"en-US","potentialAction":[{"@type":"ReadAction","target":["https:\/\/idzen.ca\/en\/exclusive-products\/"]}]},{"@type":"BreadcrumbList","@id":"https:\/\/idzen.ca\/en\/exclusive-products\/#breadcrumb","itemListElement":[{"@type":"ListItem","position":1,"name":"Home","item":"https:\/\/idzen.ca\/en\/"},{"@type":"ListItem","position":2,"name":"Exclusive Products"}]},{"@type":"WebSite","@id":"https:\/\/idzen.ca\/en\/#website","url":"https:\/\/idzen.ca\/en\/","name":"iD Zen | Une voile d&#039;ombrage pour passer l&#039;\u00e9t\u00e9 au frais | Toile d&#039;ombrage | Terrasse","description":"iD Zen vous offre des voiles d\u2019ombrage qui se veulent une alternative aux parasols, auvents et gaz\u00e9bos. D\u2019une grande \u00e9l\u00e9gance visuelle, ces voiles r\u00e9inventent la maison et le jardin tout en cr\u00e9ant de l\u2019ombre. La meilleure solution de voile d&#039;ombrage au Canada. Voile | Toile | Ombrage | Terrasse","publisher":{"@id":"https:\/\/idzen.ca\/en\/#organization"},"potentialAction":[{"@type":"SearchAction","target":{"@type":"EntryPoint","urlTemplate":"https:\/\/idzen.ca\/en\/?s={search_term_string}"},"query-input":{"@type":"PropertyValueSpecification","valueRequired":true,"valueName":"search_term_string"}}],"inLanguage":"en-US"},{"@type":"Organization","@id":"https:\/\/idzen.ca\/en\/#organization","name":"iD Zen | Voile d'ombrage | Sail Shade","url":"https:\/\/idzen.ca\/en\/","logo":{"@type":"ImageObject","inLanguage":"en-US","@id":"https:\/\/idzen.ca\/en\/#\/schema\/logo\/image\/","url":"https:\/\/idzen.ca\/wp-content\/uploads\/id-zen-voile-ombrage_logo-new-orange_400px.png","contentUrl":"https:\/\/idzen.ca\/wp-content\/uploads\/id-zen-voile-ombrage_logo-new-orange_400px.png","width":390,"height":100,"caption":"iD Zen | Voile d'ombrage | Sail Shade"},"image":{"@id":"https:\/\/idzen.ca\/en\/#\/schema\/logo\/image\/"},"sameAs":["https:\/\/www.facebook.com\/IdzenImport","https:\/\/www.instagram.com\/idzensailshades\/","https:\/\/www.pinterest.ca\/idzensailshades\/","https:\/\/www.youtube.com\/channel\/UCFXqb5JER39RyDIqk7X1G-A\/videos"]}]}},"_links":{"self":[{"href":"https:\/\/idzen.ca\/en\/wp-json\/wp\/v2\/pages\/639","targetHints":{"allow":["GET"]}}],"collection":[{"href":"https:\/\/idzen.ca\/en\/wp-json\/wp\/v2\/pages"}],"about":[{"href":"https:\/\/idzen.ca\/en\/wp-json\/wp\/v2\/types\/page"}],"author":[{"embeddable":true,"href":"https:\/\/idzen.ca\/en\/wp-json\/wp\/v2\/users\/1"}],"replies":[{"embeddable":true,"href":"https:\/\/idzen.ca\/en\/wp-json\/wp\/v2\/comments?post=639"}],"version-history":[{"count":3,"href":"https:\/\/idzen.ca\/en\/wp-json\/wp\/v2\/pages\/639\/revisions"}],"predecessor-version":[{"id":2791,"href":"https:\/\/idzen.ca\/en\/wp-json\/wp\/v2\/pages\/639\/revisions\/2791"}],"wp:attachment":[{"href":"https:\/\/idzen.ca\/en\/wp-json\/wp\/v2\/media?parent=639"}],"curies":[{"name":"wp","href":"https:\/\/api.w.org\/{rel}","templated":true}]}}