{"id":703,"date":"2021-01-28T15:59:30","date_gmt":"2021-01-28T20:59:30","guid":{"rendered":"https:\/\/new.idzen.ca\/voile-ombrage-quebec\/"},"modified":"2024-12-02T08:14:25","modified_gmt":"2024-12-02T13:14:25","slug":"voile-ombrage-quebec-eng","status":"publish","type":"page","link":"https:\/\/idzen.ca\/en\/voile-ombrage-quebec-eng\/","title":{"rendered":"Voile Ombrage Quebec"},"content":{"rendered":"<p>[et_pb_section fb_built=&#8221;1&#8243; fullwidth=&#8221;on&#8221; _builder_version=&#8221;4.16&#8243; _module_preset=&#8221;default&#8221; global_colors_info=&#8221;{}&#8221;][et_pb_fullwidth_slider _builder_version=&#8221;4.27.4&#8243; _module_preset=&#8221;default&#8221; background_color=&#8221;#FFFFFF&#8221; background_image=&#8221;https:\/\/idzen.ca\/wp-content\/uploads\/id-zen-voile-ombrage-cle-en-main.jpg&#8221; hover_enabled=&#8221;0&#8243; global_colors_info=&#8221;{}&#8221; sticky_enabled=&#8221;0&#8243;][et_pb_slide heading=&#8221;Turnkey Solutions&#8221; _builder_version=&#8221;4.27.4&#8243; _module_preset=&#8221;default&#8221; header_level=&#8221;h1&#8243; header_font=&#8221;||||||||&#8221; custom_button=&#8221;on&#8221; button_text_size=&#8221;14px&#8221; button_bg_color=&#8221;#F96415&#8243; button_border_color=&#8221;RGBA(0,0,0,0)&#8221; button_border_radius=&#8221;16px&#8221; button_font=&#8221;|600|||||||&#8221; hover_enabled=&#8221;0&#8243; header_text_shadow_style=&#8221;preset2&#8243; header_text_shadow_color=&#8221;rgba(0,0,0,0.8)&#8221; button_text_shadow_style=&#8221;preset1&#8243; box_shadow_style_button=&#8221;preset2&#8243; box_shadow_color_button=&#8221;rgba(0,0,0,0.7)&#8221; global_colors_info=&#8221;{}&#8221; sticky_transition=&#8221;on&#8221; sticky_enabled=&#8221;0&#8243;][\/et_pb_slide][\/et_pb_fullwidth_slider][\/et_pb_section][et_pb_section fb_built=&#8221;1&#8243; _builder_version=&#8221;4.16&#8243; min_height=&#8221;310.4px&#8221; custom_padding=&#8221;30px||19px||false|false&#8221; border_width_bottom=&#8221;1px&#8221; border_color_bottom=&#8221;#C4C6C5&#8243; global_colors_info=&#8221;{}&#8221;][et_pb_row _builder_version=&#8221;4.16&#8243; _module_preset=&#8221;default&#8221; global_colors_info=&#8221;{}&#8221;][et_pb_column type=&#8221;4_4&#8243; _builder_version=&#8221;4.16&#8243; _module_preset=&#8221;default&#8221; global_colors_info=&#8221;{}&#8221;][et_pb_text _builder_version=&#8221;4.27.4&#8243; _module_preset=&#8221;default&#8221; hover_enabled=&#8221;0&#8243; global_colors_info=&#8221;{}&#8221; sticky_enabled=&#8221;0&#8243;]<\/p>\n<h1 style=\"text-align: center;\">Do you want to benefit from a Turnkey project?<\/h1>\n<h4 style=\"text-align: center;\">EVERYWHERE IN QUEBEC\u00a0<\/h4>\n<p style=\"text-align: center;\"><span size=\"8pt\"><\/span><\/p>\n<p>[\/et_pb_text][et_pb_image src=&#8221;https:\/\/idzen.ca\/wp-content\/uploads\/voile_ombrage_QC-logo-300&#215;110-1.png&#8221; title_text=&#8221;voile_ombrage_QC-logo-300&#215;110&#8243; url=&#8221;https:\/\/www.voileombragequebec.ca\/&#8221; align=&#8221;center&#8221; _builder_version=&#8221;4.19.4&#8243; _module_preset=&#8221;default&#8221; global_colors_info=&#8221;{}&#8221;][\/et_pb_image][et_pb_text _builder_version=&#8221;4.19.4&#8243; _module_preset=&#8221;default&#8221; global_colors_info=&#8221;{}&#8221;]<\/p>\n<p style=\"text-align: center;\"><strong>1-833-444-6295<\/strong><\/p>\n<p style=\"text-align: center;\"><strong>\u00a0info@voileombragequebec.ca<\/strong><\/p>\n<p>[\/et_pb_text][\/et_pb_column][\/et_pb_row][\/et_pb_section][et_pb_section fb_built=&#8221;1&#8243; _builder_version=&#8221;4.16&#8243; min_height=&#8221;287px&#8221; custom_margin=&#8221;||||false|false&#8221; custom_padding=&#8221;22px||30px|||&#8221; border_width_bottom=&#8221;1px&#8221; border_color_bottom=&#8221;#C4C6C5&#8243; global_colors_info=&#8221;{}&#8221;][et_pb_row _builder_version=&#8221;4.16&#8243; _module_preset=&#8221;default&#8221; global_colors_info=&#8221;{}&#8221;][et_pb_column type=&#8221;4_4&#8243; _builder_version=&#8221;4.16&#8243; _module_preset=&#8221;default&#8221; global_colors_info=&#8221;{}&#8221;][et_pb_text _builder_version=&#8221;4.16&#8243; _module_preset=&#8221;default&#8221; global_colors_info=&#8221;{}&#8221;]<\/p>\n<h2 style=\"text-align: center;\">Promotional video<\/h2>\n<p>[\/et_pb_text][\/et_pb_column][\/et_pb_row][et_pb_row _builder_version=&#8221;4.16&#8243; _module_preset=&#8221;default&#8221; global_colors_info=&#8221;{}&#8221;][et_pb_column type=&#8221;4_4&#8243; _builder_version=&#8221;4.16&#8243; _module_preset=&#8221;default&#8221; global_colors_info=&#8221;{}&#8221;][et_pb_video src=&#8221;https:\/\/youtu.be\/zMn795ZxH9E&#8221; _builder_version=&#8221;4.16&#8243; _module_preset=&#8221;default&#8221; global_colors_info=&#8221;{}&#8221;][\/et_pb_video][\/et_pb_column][\/et_pb_row][\/et_pb_section][et_pb_section fb_built=&#8221;1&#8243; _builder_version=&#8221;4.16&#8243; _module_preset=&#8221;default&#8221; background_color=&#8221;#394a59&#8243; custom_padding=&#8221;30px||2px|||&#8221; saved_tabs=&#8221;all&#8221; global_colors_info=&#8221;{}&#8221;][et_pb_row column_structure=&#8221;3_4,1_4&#8243; _builder_version=&#8221;4.16&#8243; _module_preset=&#8221;default&#8221; border_width_bottom=&#8221;2px&#8221; border_color_bottom=&#8221;#F96415&#8243; global_colors_info=&#8221;{}&#8221;][et_pb_column type=&#8221;3_4&#8243; _builder_version=&#8221;4.16&#8243; _module_preset=&#8221;default&#8221; global_colors_info=&#8221;{}&#8221;][et_pb_text _builder_version=&#8221;4.16&#8243; _module_preset=&#8221;default&#8221; text_text_color=&#8221;#FFFFFF&#8221; global_colors_info=&#8221;{}&#8221;]<\/p>\n<h3>Obtain an instant quote<\/h3>\n<p>You have a project in mind? You can request a price directly with iD Zen.<\/p>\n<p>[\/et_pb_text][\/et_pb_column][et_pb_column type=&#8221;1_4&#8243; _builder_version=&#8221;4.16&#8243; _module_preset=&#8221;default&#8221; global_colors_info=&#8221;{}&#8221;][et_pb_button button_url=&#8221;https:\/\/idzen.ca\/en\/price-request&#8221; button_text=&#8221;CUSTOM QUOTE&#8221; button_alignment=&#8221;right&#8221; _builder_version=&#8221;4.16&#8243; _module_preset=&#8221;default&#8221; custom_button=&#8221;on&#8221; button_text_size=&#8221;14px&#8221; button_text_color=&#8221;#394A59&#8243; button_bg_color=&#8221;#FFFFFF&#8221; button_border_width=&#8221;0px&#8221; button_border_radius=&#8221;16px&#8221; button_icon=&#8221;&#xe08a;||divi||400&#8243; button_icon_color=&#8221;#394A59&#8243; button_text_shadow_style=&#8221;preset1&#8243; box_shadow_style=&#8221;preset2&#8243; box_shadow_horizontal=&#8221;2px&#8221; box_shadow_vertical=&#8221;2px&#8221; box_shadow_blur=&#8221;6px&#8221; global_colors_info=&#8221;{}&#8221;][\/et_pb_button][\/et_pb_column][\/et_pb_row][et_pb_row column_structure=&#8221;3_4,1_4&#8243; _builder_version=&#8221;4.16&#8243; _module_preset=&#8221;default&#8221; border_width_bottom=&#8221;2px&#8221; border_color_bottom=&#8221;#F96415&#8243; global_colors_info=&#8221;{}&#8221;][et_pb_column type=&#8221;3_4&#8243; _builder_version=&#8221;4.16&#8243; _module_preset=&#8221;default&#8221; global_colors_info=&#8221;{}&#8221;][et_pb_text _builder_version=&#8221;4.16&#8243; _module_preset=&#8221;default&#8221; text_text_color=&#8221;#FFFFFF&#8221; global_colors_info=&#8221;{}&#8221;]<\/p>\n<h3>Turnkey solution&#8230; we take care of everything<\/h3>\n<p>Contact the Voile Ombrage Quebec team for all the details.<\/p>\n<p>[\/et_pb_text][\/et_pb_column][et_pb_column type=&#8221;1_4&#8243; _builder_version=&#8221;4.16&#8243; _module_preset=&#8221;default&#8221; global_colors_info=&#8221;{}&#8221;][et_pb_button button_url=&#8221;https:\/\/idzen.ca\/en\/voile-ombrage-quebec&#8221; button_text=&#8221;TURNKEY SOLUTION&#8221; button_alignment=&#8221;right&#8221; _builder_version=&#8221;4.16&#8243; _module_preset=&#8221;default&#8221; custom_button=&#8221;on&#8221; button_text_size=&#8221;14px&#8221; button_text_color=&#8221;#394A59&#8243; button_bg_color=&#8221;#FFFFFF&#8221; button_border_width=&#8221;0px&#8221; button_border_radius=&#8221;16px&#8221; button_icon=&#8221;&#xe08a;||divi||400&#8243; button_icon_color=&#8221;#394A59&#8243; button_text_shadow_style=&#8221;preset1&#8243; box_shadow_style=&#8221;preset2&#8243; box_shadow_horizontal=&#8221;2px&#8221; box_shadow_vertical=&#8221;2px&#8221; box_shadow_blur=&#8221;6px&#8221; global_colors_info=&#8221;{}&#8221;][\/et_pb_button][\/et_pb_column][\/et_pb_row][et_pb_row column_structure=&#8221;3_4,1_4&#8243; _builder_version=&#8221;4.16&#8243; _module_preset=&#8221;default&#8221; border_width_bottom=&#8221;2px&#8221; border_color_bottom=&#8221;#F96415&#8243; global_colors_info=&#8221;{}&#8221;][et_pb_column type=&#8221;3_4&#8243; _builder_version=&#8221;4.16&#8243; _module_preset=&#8221;default&#8221; global_colors_info=&#8221;{}&#8221;][et_pb_text _builder_version=&#8221;4.16&#8243; _module_preset=&#8221;default&#8221; text_text_color=&#8221;#FFFFFF&#8221; global_colors_info=&#8221;{}&#8221;]<\/p>\n<h3>Event<\/h3>\n<p>Rental service for seasonal events. Hoist the sails and enhance the atmosphere of your festive events!<\/p>\n<p>[\/et_pb_text][\/et_pb_column][et_pb_column type=&#8221;1_4&#8243; _builder_version=&#8221;4.16&#8243; _module_preset=&#8221;default&#8221; global_colors_info=&#8221;{}&#8221;][et_pb_button button_url=&#8221;https:\/\/idzen.ca\/en\/event&#8221; button_text=&#8221;FIND OUT MORE&#8221; button_alignment=&#8221;right&#8221; _builder_version=&#8221;4.16&#8243; _module_preset=&#8221;default&#8221; custom_button=&#8221;on&#8221; button_text_size=&#8221;14px&#8221; button_text_color=&#8221;#394A59&#8243; button_bg_color=&#8221;#FFFFFF&#8221; button_border_width=&#8221;0px&#8221; button_border_radius=&#8221;16px&#8221; button_icon=&#8221;&#xe08b;||divi||400&#8243; button_icon_color=&#8221;#394A59&#8243; button_text_shadow_style=&#8221;preset1&#8243; box_shadow_style=&#8221;preset2&#8243; box_shadow_horizontal=&#8221;2px&#8221; box_shadow_vertical=&#8221;2px&#8221; box_shadow_blur=&#8221;6px&#8221; global_colors_info=&#8221;{}&#8221;][\/et_pb_button][\/et_pb_column][\/et_pb_row][et_pb_row column_structure=&#8221;3_4,1_4&#8243; _builder_version=&#8221;4.16&#8243; _module_preset=&#8221;default&#8221; border_width_bottom=&#8221;2px&#8221; border_color_bottom=&#8221;#F96415&#8243; global_colors_info=&#8221;{}&#8221;][et_pb_column type=&#8221;3_4&#8243; _builder_version=&#8221;4.16&#8243; _module_preset=&#8221;default&#8221; global_colors_info=&#8221;{}&#8221;][et_pb_text _builder_version=&#8221;4.16&#8243; _module_preset=&#8221;default&#8221; text_text_color=&#8221;#FFFFFF&#8221; global_colors_info=&#8221;{}&#8221;]<\/p>\n<h3>Our blog<\/h3>\n<p>Come browse our blog and find relevant articles and additional information on shade sails.<\/p>\n<p>[\/et_pb_text][\/et_pb_column][et_pb_column type=&#8221;1_4&#8243; _builder_version=&#8221;4.16&#8243; _module_preset=&#8221;default&#8221; global_colors_info=&#8221;{}&#8221;][et_pb_button button_url=&#8221;https:\/\/voilesombrageidzen.blogspot.com\/&#8221; url_new_window=&#8221;on&#8221; button_text=&#8221;SEE BLOG&#8221; button_alignment=&#8221;right&#8221; _builder_version=&#8221;4.16&#8243; _module_preset=&#8221;default&#8221; custom_button=&#8221;on&#8221; button_text_size=&#8221;14px&#8221; button_text_color=&#8221;#394A59&#8243; button_bg_color=&#8221;#FFFFFF&#8221; button_border_width=&#8221;0px&#8221; button_border_radius=&#8221;16px&#8221; button_icon=&#8221;&#xe066;||divi||400&#8243; button_icon_color=&#8221;#394A59&#8243; button_text_shadow_style=&#8221;preset1&#8243; box_shadow_style=&#8221;preset2&#8243; box_shadow_horizontal=&#8221;2px&#8221; box_shadow_vertical=&#8221;2px&#8221; box_shadow_blur=&#8221;6px&#8221; global_colors_info=&#8221;{}&#8221;][\/et_pb_button][\/et_pb_column][\/et_pb_row][et_pb_row column_structure=&#8221;1_4,1_4,1_4,1_4&#8243; _builder_version=&#8221;4.16&#8243; _module_preset=&#8221;default&#8221; border_width_bottom=&#8221;2px&#8221; border_color_bottom=&#8221;#F96415&#8243; global_colors_info=&#8221;{}&#8221;][et_pb_column type=&#8221;1_4&#8243; _builder_version=&#8221;4.16&#8243; _module_preset=&#8221;default&#8221; global_colors_info=&#8221;{}&#8221;][et_pb_image src=&#8221;https:\/\/idzen.ca\/wp-content\/uploads\/Id-zen-logo-menu.png&#8221; title_text=&#8221;Id-zen-logo-menu&#8221; _builder_version=&#8221;4.16&#8243; _module_preset=&#8221;default&#8221; global_colors_info=&#8221;{}&#8221;][\/et_pb_image][\/et_pb_column][et_pb_column type=&#8221;1_4&#8243; _builder_version=&#8221;4.16&#8243; _module_preset=&#8221;default&#8221; global_colors_info=&#8221;{}&#8221;][et_pb_text _builder_version=&#8221;4.16&#8243; _module_preset=&#8221;default&#8221; text_text_color=&#8221;#ffffff&#8221; global_colors_info=&#8221;{}&#8221;]<\/p>\n<p>ONTARIO &#8211; QU\u00c9BEC &#8211; MARITIMES <br \/>TOLL FREE: 1-877-450-2117 <br \/>Mobile: 418-571-9122<\/p>\n<p><a class=\"link-cell-mail\" href=\"mailto:info@idzen.ca\">info@idzen.ca<\/a><\/p>\n<p>[\/et_pb_text][\/et_pb_column][et_pb_column type=&#8221;1_4&#8243; _builder_version=&#8221;4.16&#8243; _module_preset=&#8221;default&#8221; global_colors_info=&#8221;{}&#8221;][\/et_pb_column][et_pb_column type=&#8221;1_4&#8243; _builder_version=&#8221;4.16&#8243; _module_preset=&#8221;default&#8221; global_colors_info=&#8221;{}&#8221;][\/et_pb_column][\/et_pb_row][et_pb_row column_structure=&#8221;1_4,1_4,1_4,1_4&#8243; _builder_version=&#8221;4.16&#8243; _module_preset=&#8221;default&#8221; border_color_bottom=&#8221;#F96415&#8243; global_colors_info=&#8221;{}&#8221;][et_pb_column type=&#8221;1_4&#8243; _builder_version=&#8221;4.16&#8243; _module_preset=&#8221;default&#8221; global_colors_info=&#8221;{}&#8221;][et_pb_image src=&#8221;https:\/\/idzen.ca\/wp-content\/uploads\/Shadetex-logo_250x126.png&#8221; title_text=&#8221;Shadetex-logo_250x126&#8243; _builder_version=&#8221;4.16&#8243; _module_preset=&#8221;default&#8221; global_colors_info=&#8221;{}&#8221;][\/et_pb_image][\/et_pb_column][et_pb_column type=&#8221;1_4&#8243; _builder_version=&#8221;4.16&#8243; _module_preset=&#8221;default&#8221; global_colors_info=&#8221;{}&#8221;][et_pb_image src=&#8221;https:\/\/idzen.ca\/wp-content\/uploads\/voile_ombrage_QC-logo-300&#215;110-1.png&#8221; title_text=&#8221;voile_ombrage_QC-logo-300&#215;110&#8243; url=&#8221;https:\/\/www.voileombragequebec.ca\/&#8221; url_new_window=&#8221;on&#8221; _builder_version=&#8221;4.16&#8243; _module_preset=&#8221;default&#8221; global_colors_info=&#8221;{}&#8221;][\/et_pb_image][\/et_pb_column][et_pb_column type=&#8221;1_4&#8243; _builder_version=&#8221;4.16&#8243; _module_preset=&#8221;default&#8221; global_colors_info=&#8221;{}&#8221;][\/et_pb_column][et_pb_column type=&#8221;1_4&#8243; _builder_version=&#8221;4.16&#8243; _module_preset=&#8221;default&#8221; global_colors_info=&#8221;{}&#8221;][et_pb_button button_url=&#8221;https:\/\/voilesombrageidzen.blogspot.com\/&#8221; url_new_window=&#8221;on&#8221; button_text=&#8221;VISIT OUR BLOG&#8221; button_alignment=&#8221;right&#8221; _builder_version=&#8221;4.16&#8243; _module_preset=&#8221;default&#8221; custom_button=&#8221;on&#8221; button_text_size=&#8221;14px&#8221; button_text_color=&#8221;#394A59&#8243; button_bg_color=&#8221;#FFFFFF&#8221; button_border_width=&#8221;0px&#8221; button_border_radius=&#8221;16px&#8221; button_icon=&#8221;&#xe066;||divi||400&#8243; button_icon_color=&#8221;#394A59&#8243; button_on_hover=&#8221;off&#8221; custom_margin=&#8221;||40px||false|false&#8221; button_text_shadow_style=&#8221;preset1&#8243; box_shadow_style=&#8221;preset2&#8243; box_shadow_horizontal=&#8221;2px&#8221; box_shadow_vertical=&#8221;2px&#8221; box_shadow_blur=&#8221;6px&#8221; global_colors_info=&#8221;{}&#8221;][\/et_pb_button][et_pb_text _builder_version=&#8221;4.16&#8243; _module_preset=&#8221;default&#8221; text_orientation=&#8221;right&#8221; background_layout=&#8221;dark&#8221; global_colors_info=&#8221;{}&#8221;]<\/p>\n<p style=\"text-align: right;\">FOLLOW US ON<br \/> SOCIAL MEDIA<\/p>\n<p>[\/et_pb_text][\/et_pb_column][\/et_pb_row][\/et_pb_section]<\/p>\n","protected":false},"excerpt":{"rendered":"<p>Do you want to benefit from a Turnkey project? EVERYWHERE IN QUEBEC\u00a0 1-833-444-6295 \u00a0info@voileombragequebec.caPromotional videoObtain an instant quote You have a project in mind? You can request a price directly with iD Zen.Turnkey solution&#8230; we take care of everything Contact the Voile Ombrage Quebec team for all the details.Event Rental service for seasonal events. Hoist [&hellip;]<\/p>\n","protected":false},"author":1,"featured_media":0,"parent":0,"menu_order":0,"comment_status":"closed","ping_status":"closed","template":"","meta":{"_et_pb_use_builder":"on","_et_pb_old_content":"","_et_gb_content_width":"","footnotes":""},"class_list":["post-703","page","type-page","status-publish","hentry"],"yoast_head":"<!-- This site is optimized with the Yoast SEO plugin v27.5 - https:\/\/yoast.com\/product\/yoast-seo-wordpress\/ -->\n<title>Voile Ombrage Quebec - iD Zen | Une voile d&#039;ombrage pour passer l&#039;\u00e9t\u00e9 au frais | Toile d&#039;ombrage | Terrasse<\/title>\n<meta name=\"robots\" content=\"index, follow, max-snippet:-1, max-image-preview:large, max-video-preview:-1\" \/>\n<link rel=\"canonical\" href=\"https:\/\/idzen.ca\/en\/voile-ombrage-quebec-eng\/\" \/>\n<meta property=\"og:locale\" content=\"en_US\" \/>\n<meta property=\"og:type\" content=\"article\" \/>\n<meta property=\"og:title\" content=\"Voile Ombrage Quebec - iD Zen | Une voile d&#039;ombrage pour passer l&#039;\u00e9t\u00e9 au frais | Toile d&#039;ombrage | Terrasse\" \/>\n<meta property=\"og:description\" content=\"Do you want to benefit from a Turnkey project? EVERYWHERE IN QUEBEC\u00a0 1-833-444-6295 \u00a0info@voileombragequebec.caPromotional videoObtain an instant quote You have a project in mind? You can request a price directly with iD Zen.Turnkey solution... we take care of everything Contact the Voile Ombrage Quebec team for all the details.Event Rental service for seasonal events. Hoist [&hellip;]\" \/>\n<meta property=\"og:url\" content=\"https:\/\/idzen.ca\/en\/voile-ombrage-quebec-eng\/\" \/>\n<meta property=\"og:site_name\" content=\"iD Zen | Une voile d&#039;ombrage pour passer l&#039;\u00e9t\u00e9 au frais | Toile d&#039;ombrage | Terrasse\" \/>\n<meta property=\"article:publisher\" content=\"https:\/\/www.facebook.com\/IdzenImport\" \/>\n<meta property=\"article:modified_time\" content=\"2024-12-02T13:14:25+00:00\" \/>\n<meta property=\"og:image\" content=\"https:\/\/idzen.ca\/wp-content\/uploads\/idzensailshades_shade_sails_shade_structures_sun_protection_backyard_19.jpg\" \/>\n\t<meta property=\"og:image:width\" content=\"1200\" \/>\n\t<meta property=\"og:image:height\" content=\"873\" \/>\n\t<meta property=\"og:image:type\" content=\"image\/jpeg\" \/>\n<meta name=\"twitter:label1\" content=\"Est. reading time\" \/>\n\t<meta name=\"twitter:data1\" content=\"2 minutes\" \/>\n<script type=\"application\/ld+json\" class=\"yoast-schema-graph\">{\"@context\":\"https:\\\/\\\/schema.org\",\"@graph\":[{\"@type\":\"WebPage\",\"@id\":\"https:\\\/\\\/idzen.ca\\\/en\\\/voile-ombrage-quebec-eng\\\/\",\"url\":\"https:\\\/\\\/idzen.ca\\\/en\\\/voile-ombrage-quebec-eng\\\/\",\"name\":\"Voile Ombrage Quebec - iD Zen | Une voile d&#039;ombrage pour passer l&#039;\u00e9t\u00e9 au frais | Toile d&#039;ombrage | Terrasse\",\"isPartOf\":{\"@id\":\"https:\\\/\\\/idzen.ca\\\/en\\\/#website\"},\"datePublished\":\"2021-01-28T20:59:30+00:00\",\"dateModified\":\"2024-12-02T13:14:25+00:00\",\"breadcrumb\":{\"@id\":\"https:\\\/\\\/idzen.ca\\\/en\\\/voile-ombrage-quebec-eng\\\/#breadcrumb\"},\"inLanguage\":\"en-US\",\"potentialAction\":[{\"@type\":\"ReadAction\",\"target\":[\"https:\\\/\\\/idzen.ca\\\/en\\\/voile-ombrage-quebec-eng\\\/\"]}]},{\"@type\":\"BreadcrumbList\",\"@id\":\"https:\\\/\\\/idzen.ca\\\/en\\\/voile-ombrage-quebec-eng\\\/#breadcrumb\",\"itemListElement\":[{\"@type\":\"ListItem\",\"position\":1,\"name\":\"Home\",\"item\":\"https:\\\/\\\/idzen.ca\\\/en\\\/\"},{\"@type\":\"ListItem\",\"position\":2,\"name\":\"Voile Ombrage Quebec\"}]},{\"@type\":\"WebSite\",\"@id\":\"https:\\\/\\\/idzen.ca\\\/en\\\/#website\",\"url\":\"https:\\\/\\\/idzen.ca\\\/en\\\/\",\"name\":\"iD Zen | Une voile d&#039;ombrage pour passer l&#039;\u00e9t\u00e9 au frais | Toile d&#039;ombrage | Terrasse\",\"description\":\"iD Zen vous offre des voiles d\u2019ombrage qui se veulent une alternative aux parasols, auvents et gaz\u00e9bos. D\u2019une grande \u00e9l\u00e9gance visuelle, ces voiles r\u00e9inventent la maison et le jardin tout en cr\u00e9ant de l\u2019ombre. La meilleure solution de voile d&#039;ombrage au Canada. Voile | Toile | Ombrage | Terrasse\",\"publisher\":{\"@id\":\"https:\\\/\\\/idzen.ca\\\/en\\\/#organization\"},\"potentialAction\":[{\"@type\":\"SearchAction\",\"target\":{\"@type\":\"EntryPoint\",\"urlTemplate\":\"https:\\\/\\\/idzen.ca\\\/en\\\/?s={search_term_string}\"},\"query-input\":{\"@type\":\"PropertyValueSpecification\",\"valueRequired\":true,\"valueName\":\"search_term_string\"}}],\"inLanguage\":\"en-US\"},{\"@type\":\"Organization\",\"@id\":\"https:\\\/\\\/idzen.ca\\\/en\\\/#organization\",\"name\":\"iD Zen | Voile d'ombrage | Sail Shade\",\"url\":\"https:\\\/\\\/idzen.ca\\\/en\\\/\",\"logo\":{\"@type\":\"ImageObject\",\"inLanguage\":\"en-US\",\"@id\":\"https:\\\/\\\/idzen.ca\\\/en\\\/#\\\/schema\\\/logo\\\/image\\\/\",\"url\":\"https:\\\/\\\/idzen.ca\\\/wp-content\\\/uploads\\\/id-zen-voile-ombrage_logo-new-orange_400px.png\",\"contentUrl\":\"https:\\\/\\\/idzen.ca\\\/wp-content\\\/uploads\\\/id-zen-voile-ombrage_logo-new-orange_400px.png\",\"width\":390,\"height\":100,\"caption\":\"iD Zen | Voile d'ombrage | Sail Shade\"},\"image\":{\"@id\":\"https:\\\/\\\/idzen.ca\\\/en\\\/#\\\/schema\\\/logo\\\/image\\\/\"},\"sameAs\":[\"https:\\\/\\\/www.facebook.com\\\/IdzenImport\",\"https:\\\/\\\/www.instagram.com\\\/idzensailshades\\\/\",\"https:\\\/\\\/www.pinterest.ca\\\/idzensailshades\\\/\",\"https:\\\/\\\/www.youtube.com\\\/channel\\\/UCFXqb5JER39RyDIqk7X1G-A\\\/videos\"]}]}<\/script>\n<!-- \/ Yoast SEO plugin. -->","yoast_head_json":{"title":"Voile Ombrage Quebec - iD Zen | Une voile d&#039;ombrage pour passer l&#039;\u00e9t\u00e9 au frais | Toile d&#039;ombrage | Terrasse","robots":{"index":"index","follow":"follow","max-snippet":"max-snippet:-1","max-image-preview":"max-image-preview:large","max-video-preview":"max-video-preview:-1"},"canonical":"https:\/\/idzen.ca\/en\/voile-ombrage-quebec-eng\/","og_locale":"en_US","og_type":"article","og_title":"Voile Ombrage Quebec - iD Zen | Une voile d&#039;ombrage pour passer l&#039;\u00e9t\u00e9 au frais | Toile d&#039;ombrage | Terrasse","og_description":"Do you want to benefit from a Turnkey project? EVERYWHERE IN QUEBEC\u00a0 1-833-444-6295 \u00a0info@voileombragequebec.caPromotional videoObtain an instant quote You have a project in mind? You can request a price directly with iD Zen.Turnkey solution... we take care of everything Contact the Voile Ombrage Quebec team for all the details.Event Rental service for seasonal events. Hoist [&hellip;]","og_url":"https:\/\/idzen.ca\/en\/voile-ombrage-quebec-eng\/","og_site_name":"iD Zen | Une voile d&#039;ombrage pour passer l&#039;\u00e9t\u00e9 au frais | Toile d&#039;ombrage | Terrasse","article_publisher":"https:\/\/www.facebook.com\/IdzenImport","article_modified_time":"2024-12-02T13:14:25+00:00","og_image":[{"width":1200,"height":873,"url":"https:\/\/idzen.ca\/wp-content\/uploads\/idzensailshades_shade_sails_shade_structures_sun_protection_backyard_19.jpg","type":"image\/jpeg"}],"twitter_misc":{"Est. reading time":"2 minutes"},"schema":{"@context":"https:\/\/schema.org","@graph":[{"@type":"WebPage","@id":"https:\/\/idzen.ca\/en\/voile-ombrage-quebec-eng\/","url":"https:\/\/idzen.ca\/en\/voile-ombrage-quebec-eng\/","name":"Voile Ombrage Quebec - iD Zen | Une voile d&#039;ombrage pour passer l&#039;\u00e9t\u00e9 au frais | Toile d&#039;ombrage | Terrasse","isPartOf":{"@id":"https:\/\/idzen.ca\/en\/#website"},"datePublished":"2021-01-28T20:59:30+00:00","dateModified":"2024-12-02T13:14:25+00:00","breadcrumb":{"@id":"https:\/\/idzen.ca\/en\/voile-ombrage-quebec-eng\/#breadcrumb"},"inLanguage":"en-US","potentialAction":[{"@type":"ReadAction","target":["https:\/\/idzen.ca\/en\/voile-ombrage-quebec-eng\/"]}]},{"@type":"BreadcrumbList","@id":"https:\/\/idzen.ca\/en\/voile-ombrage-quebec-eng\/#breadcrumb","itemListElement":[{"@type":"ListItem","position":1,"name":"Home","item":"https:\/\/idzen.ca\/en\/"},{"@type":"ListItem","position":2,"name":"Voile Ombrage Quebec"}]},{"@type":"WebSite","@id":"https:\/\/idzen.ca\/en\/#website","url":"https:\/\/idzen.ca\/en\/","name":"iD Zen | Une voile d&#039;ombrage pour passer l&#039;\u00e9t\u00e9 au frais | Toile d&#039;ombrage | Terrasse","description":"iD Zen vous offre des voiles d\u2019ombrage qui se veulent une alternative aux parasols, auvents et gaz\u00e9bos. D\u2019une grande \u00e9l\u00e9gance visuelle, ces voiles r\u00e9inventent la maison et le jardin tout en cr\u00e9ant de l\u2019ombre. La meilleure solution de voile d&#039;ombrage au Canada. Voile | Toile | Ombrage | Terrasse","publisher":{"@id":"https:\/\/idzen.ca\/en\/#organization"},"potentialAction":[{"@type":"SearchAction","target":{"@type":"EntryPoint","urlTemplate":"https:\/\/idzen.ca\/en\/?s={search_term_string}"},"query-input":{"@type":"PropertyValueSpecification","valueRequired":true,"valueName":"search_term_string"}}],"inLanguage":"en-US"},{"@type":"Organization","@id":"https:\/\/idzen.ca\/en\/#organization","name":"iD Zen | Voile d'ombrage | Sail Shade","url":"https:\/\/idzen.ca\/en\/","logo":{"@type":"ImageObject","inLanguage":"en-US","@id":"https:\/\/idzen.ca\/en\/#\/schema\/logo\/image\/","url":"https:\/\/idzen.ca\/wp-content\/uploads\/id-zen-voile-ombrage_logo-new-orange_400px.png","contentUrl":"https:\/\/idzen.ca\/wp-content\/uploads\/id-zen-voile-ombrage_logo-new-orange_400px.png","width":390,"height":100,"caption":"iD Zen | Voile d'ombrage | Sail Shade"},"image":{"@id":"https:\/\/idzen.ca\/en\/#\/schema\/logo\/image\/"},"sameAs":["https:\/\/www.facebook.com\/IdzenImport","https:\/\/www.instagram.com\/idzensailshades\/","https:\/\/www.pinterest.ca\/idzensailshades\/","https:\/\/www.youtube.com\/channel\/UCFXqb5JER39RyDIqk7X1G-A\/videos"]}]}},"_links":{"self":[{"href":"https:\/\/idzen.ca\/en\/wp-json\/wp\/v2\/pages\/703","targetHints":{"allow":["GET"]}}],"collection":[{"href":"https:\/\/idzen.ca\/en\/wp-json\/wp\/v2\/pages"}],"about":[{"href":"https:\/\/idzen.ca\/en\/wp-json\/wp\/v2\/types\/page"}],"author":[{"embeddable":true,"href":"https:\/\/idzen.ca\/en\/wp-json\/wp\/v2\/users\/1"}],"replies":[{"embeddable":true,"href":"https:\/\/idzen.ca\/en\/wp-json\/wp\/v2\/comments?post=703"}],"version-history":[{"count":1,"href":"https:\/\/idzen.ca\/en\/wp-json\/wp\/v2\/pages\/703\/revisions"}],"predecessor-version":[{"id":2508,"href":"https:\/\/idzen.ca\/en\/wp-json\/wp\/v2\/pages\/703\/revisions\/2508"}],"wp:attachment":[{"href":"https:\/\/idzen.ca\/en\/wp-json\/wp\/v2\/media?parent=703"}],"curies":[{"name":"wp","href":"https:\/\/api.w.org\/{rel}","templated":true}]}}